{"id":1462,"date":"2023-11-06T13:01:52","date_gmt":"2023-11-06T13:01:52","guid":{"rendered":"https:\/\/nevi.io\/vertriebskontakte\/"},"modified":"2023-12-04T15:10:51","modified_gmt":"2023-12-04T15:10:51","slug":"sales-contacts","status":"publish","type":"page","link":"https:\/\/nevi.io\/en\/sales-contacts\/","title":{"rendered":"Sales contacts"},"content":{"rendered":"<p>[et_pb_section fb_built=&#8221;1&#8243; _builder_version=&#8221;4.23&#8243; _module_preset=&#8221;default&#8221; custom_padding=&#8221;195px||||false|false&#8221; global_colors_info=&#8221;{}&#8221;][et_pb_row _builder_version=&#8221;4.23&#8243; _module_preset=&#8221;default&#8221; global_colors_info=&#8221;{}&#8221;][et_pb_column type=&#8221;4_4&#8243; _builder_version=&#8221;4.23&#8243; _module_preset=&#8221;default&#8221; global_colors_info=&#8221;{}&#8221;][et_pb_text _builder_version=&#8221;4.23.1&#8243; _module_preset=&#8221;default&#8221; global_colors_info=&#8221;{}&#8221;]<\/p>\n<h1>Sales contacts<\/h1>\n<p>You can contact us by phone and e-mail at our headquarters in G\u00f6rlitz:<\/p>\n<p>Monday to Friday from 9am to 4pm<br \/>T: <strong><a href=\"tel:0049358179258500\">+49 358179 25 850 0<\/a><\/strong><br \/>E: <strong><a href=\"mailto:sales@nevi.io\">sales@nevi.io<\/a><\/strong><\/p>\n<p><strong>Nevi GmbH<\/strong><br \/>Am Bahnhof Weinh\u00fcbel 2<br \/>02828 G\u00f6rlitz<br \/>Germany<\/p>\n<p>[\/et_pb_text][\/et_pb_column][\/et_pb_row][et_pb_row column_structure=&#8221;1_2,1_2&#8243; _builder_version=&#8221;4.23&#8243; _module_preset=&#8221;default&#8221; custom_padding=&#8221;0px||||false|false&#8221; global_colors_info=&#8221;{}&#8221;][et_pb_column type=&#8221;1_2&#8243; _builder_version=&#8221;4.23&#8243; _module_preset=&#8221;default&#8221; global_colors_info=&#8221;{}&#8221;][et_pb_text _builder_version=&#8221;4.23.1&#8243; _module_preset=&#8221;default&#8221; global_colors_info=&#8221;{}&#8221;]<\/p>\n<h2>DUBAI | UAE<\/h2>\n<p><strong>GTV Global<\/strong><br \/>Al Barsha Business Centre Tower<br \/>Al Barsha 1, Street 329 | First floor, Office #101 | P.O.Box: 9367<br \/>Dubai, United Arab Emirates<br \/>T: +971.4.425.9839 | +971.50.457.428<br \/><strong><a href=\"mailto:info@gtv-global.com\">info@gtv-global.com<\/a><\/strong><\/p>\n<p>[\/et_pb_text][\/et_pb_column][et_pb_column type=&#8221;1_2&#8243; _builder_version=&#8221;4.23&#8243; _module_preset=&#8221;default&#8221; global_colors_info=&#8221;{}&#8221;][et_pb_text _builder_version=&#8221;4.23.1&#8243; _module_preset=&#8221;default&#8221; global_colors_info=&#8221;{}&#8221;]<\/p>\n<h2>NORTH AMERICA<\/h2>\n<p><strong>Inc. Slate-Lite North America<\/strong><br \/>1620 Camerbur Dr, US 32805 Orlando<br \/>T: 1 888 817 9217<br \/><strong><a href=\"mailto:usa@slate-lite.com\">usa@slate-lite.com<\/a><\/strong><\/p>\n<p><strong>Salazar Associates<\/strong><br \/>Box 250, Libertyville, IL 60048<br \/>T: 1 262 960 0366<br \/><strong><a href=\"mailto:salazarassociates@usa.net\">salazarassociates@usa.net<\/a><\/strong><\/p>\n<p>[\/et_pb_text][\/et_pb_column][\/et_pb_row][et_pb_row column_structure=&#8221;1_2,1_2&#8243; _builder_version=&#8221;4.23&#8243; _module_preset=&#8221;default&#8221; custom_padding=&#8221;0px||||false|false&#8221; global_colors_info=&#8221;{}&#8221;][et_pb_column type=&#8221;1_2&#8243; _builder_version=&#8221;4.23&#8243; _module_preset=&#8221;default&#8221; global_colors_info=&#8221;{}&#8221;][et_pb_text _builder_version=&#8221;4.23.1&#8243; _module_preset=&#8221;default&#8221; global_colors_info=&#8221;{}&#8221;]<\/p>\n<h2>AIRCRAFT<\/h2>\n<p><strong>Skywoods GmbH<\/strong><br \/>Industriestrasse, 36, D-74927 Eschelbronn<br \/>T: +49 (0)6226 9729523<\/p>\n<p>[\/et_pb_text][\/et_pb_column][et_pb_column type=&#8221;1_2&#8243; _builder_version=&#8221;4.23&#8243; _module_preset=&#8221;default&#8221; global_colors_info=&#8221;{}&#8221;][\/et_pb_column][\/et_pb_row][\/et_pb_section]<\/p>\n","protected":false},"excerpt":{"rendered":"<p>Sales contacts You can contact us by phone and e-mail at our headquarters in G\u00f6rlitz: Monday to Friday from 9am to 4pmT: +49 358179 25 850 0E: sales@nevi.io Nevi GmbHAm Bahnhof Weinh\u00fcbel 202828 G\u00f6rlitzGermanyDUBAI | UAE GTV GlobalAl Barsha Business Centre TowerAl Barsha 1, Street 329 | First floor, Office #101 | P.O.Box: 9367Dubai, United Arab EmiratesT: +971.4.425.9839 | +971.50.457.428info@gtv-global.comNORTH AMERICA Inc. Slate-Lite North America1620 Camerbur Dr, US 32805 OrlandoT: 1 888 817 9217usa@slate-lite.com Salazar AssociatesBox 250, Libertyville, IL 60048T: 1 262 960 0366salazarassociates@usa.netAIRCRAFT Skywoods GmbHIndustriestrasse, 36, D-74927 EschelbronnT: +49 (0)6226 9729523<\/p>\n","protected":false},"author":1,"featured_media":0,"parent":0,"menu_order":0,"comment_status":"closed","ping_status":"closed","template":"","meta":{"_et_pb_use_builder":"on","_et_pb_old_content":"","_et_gb_content_width":"","footnotes":""},"class_list":["post-1462","page","type-page","status-publish","hentry"],"aioseo_notices":[],"_links":{"self":[{"href":"https:\/\/nevi.io\/en\/wp-json\/wp\/v2\/pages\/1462","targetHints":{"allow":["GET"]}}],"collection":[{"href":"https:\/\/nevi.io\/en\/wp-json\/wp\/v2\/pages"}],"about":[{"href":"https:\/\/nevi.io\/en\/wp-json\/wp\/v2\/types\/page"}],"author":[{"embeddable":true,"href":"https:\/\/nevi.io\/en\/wp-json\/wp\/v2\/users\/1"}],"replies":[{"embeddable":true,"href":"https:\/\/nevi.io\/en\/wp-json\/wp\/v2\/comments?post=1462"}],"version-history":[{"count":5,"href":"https:\/\/nevi.io\/en\/wp-json\/wp\/v2\/pages\/1462\/revisions"}],"predecessor-version":[{"id":2034,"href":"https:\/\/nevi.io\/en\/wp-json\/wp\/v2\/pages\/1462\/revisions\/2034"}],"wp:attachment":[{"href":"https:\/\/nevi.io\/en\/wp-json\/wp\/v2\/media?parent=1462"}],"curies":[{"name":"wp","href":"https:\/\/api.w.org\/{rel}","templated":true}]}}